{"id":43,"date":"2017-11-03T16:57:49","date_gmt":"2017-11-03T14:57:49","guid":{"rendered":"http:\/\/demo.pinethemes.com\/redea\/demo1\/?page_id=43"},"modified":"2017-11-03T16:57:49","modified_gmt":"2017-11-03T14:57:49","slug":"uye-kayit-ol-sayfasi","status":"publish","type":"page","link":"https:\/\/test.wptemalari.net\/redea\/uye-kayit-ol-sayfasi\/","title":{"rendered":"\u00dcye Kay\u0131t Ol Sayfas\u0131"},"content":{"rendered":"","protected":false},"excerpt":{"rendered":"","protected":false},"author":2,"featured_media":0,"parent":0,"menu_order":0,"comment_status":"closed","ping_status":"closed","template":"sign_in.php","meta":{"footnotes":""},"class_list":["post-43","page","type-page","status-publish","hentry"],"_links":{"self":[{"href":"https:\/\/test.wptemalari.net\/redea\/wp-json\/wp\/v2\/pages\/43","targetHints":{"allow":["GET"]}}],"collection":[{"href":"https:\/\/test.wptemalari.net\/redea\/wp-json\/wp\/v2\/pages"}],"about":[{"href":"https:\/\/test.wptemalari.net\/redea\/wp-json\/wp\/v2\/types\/page"}],"author":[{"embeddable":true,"href":"https:\/\/test.wptemalari.net\/redea\/wp-json\/wp\/v2\/users\/2"}],"replies":[{"embeddable":true,"href":"https:\/\/test.wptemalari.net\/redea\/wp-json\/wp\/v2\/comments?post=43"}],"version-history":[{"count":0,"href":"https:\/\/test.wptemalari.net\/redea\/wp-json\/wp\/v2\/pages\/43\/revisions"}],"wp:attachment":[{"href":"https:\/\/test.wptemalari.net\/redea\/wp-json\/wp\/v2\/media?parent=43"}],"curies":[{"name":"wp","href":"https:\/\/api.w.org\/{rel}","templated":true}]}}