{"id":45,"date":"2017-11-03T16:58:48","date_gmt":"2017-11-03T14:58:48","guid":{"rendered":"http:\/\/demo.pinethemes.com\/redea\/demo1\/?page_id=45"},"modified":"2017-11-03T16:58:48","modified_gmt":"2017-11-03T14:58:48","slug":"populer-icerikler","status":"publish","type":"page","link":"https:\/\/test.wptemalari.net\/redea\/populer-icerikler\/","title":{"rendered":"Pop\u00fcler \u0130\u00e7erikler"},"content":{"rendered":"","protected":false},"excerpt":{"rendered":"","protected":false},"author":2,"featured_media":0,"parent":0,"menu_order":0,"comment_status":"closed","ping_status":"closed","template":"popular_posts_two.php","meta":{"footnotes":""},"class_list":["post-45","page","type-page","status-publish","hentry"],"_links":{"self":[{"href":"https:\/\/test.wptemalari.net\/redea\/wp-json\/wp\/v2\/pages\/45","targetHints":{"allow":["GET"]}}],"collection":[{"href":"https:\/\/test.wptemalari.net\/redea\/wp-json\/wp\/v2\/pages"}],"about":[{"href":"https:\/\/test.wptemalari.net\/redea\/wp-json\/wp\/v2\/types\/page"}],"author":[{"embeddable":true,"href":"https:\/\/test.wptemalari.net\/redea\/wp-json\/wp\/v2\/users\/2"}],"replies":[{"embeddable":true,"href":"https:\/\/test.wptemalari.net\/redea\/wp-json\/wp\/v2\/comments?post=45"}],"version-history":[{"count":0,"href":"https:\/\/test.wptemalari.net\/redea\/wp-json\/wp\/v2\/pages\/45\/revisions"}],"wp:attachment":[{"href":"https:\/\/test.wptemalari.net\/redea\/wp-json\/wp\/v2\/media?parent=45"}],"curies":[{"name":"wp","href":"https:\/\/api.w.org\/{rel}","templated":true}]}}