{"id":17,"date":"2019-10-28T11:34:25","date_gmt":"2019-10-28T11:34:25","guid":{"rendered":"http:\/\/test.wptemalari.net\/wordpressemlaktemasi\/?page_id=17"},"modified":"2019-10-28T11:34:25","modified_gmt":"2019-10-28T11:34:25","slug":"iletisim","status":"publish","type":"page","link":"https:\/\/test.wptemalari.net\/wordpressemlaktemasi\/iletisim\/","title":{"rendered":"\u0130leti\u015fim"},"content":{"rendered":"<p>Buradan i\u00e7erik girebilirsiniz.<\/p>\n","protected":false},"excerpt":{"rendered":"<p>Buradan i\u00e7erik girebilirsiniz.<\/p>\n","protected":false},"author":1,"featured_media":0,"parent":0,"menu_order":0,"comment_status":"closed","ping_status":"closed","template":"page-contact.php","meta":[],"_links":{"self":[{"href":"https:\/\/test.wptemalari.net\/wordpressemlaktemasi\/wp-json\/wp\/v2\/pages\/17"}],"collection":[{"href":"https:\/\/test.wptemalari.net\/wordpressemlaktemasi\/wp-json\/wp\/v2\/pages"}],"about":[{"href":"https:\/\/test.wptemalari.net\/wordpressemlaktemasi\/wp-json\/wp\/v2\/types\/page"}],"author":[{"embeddable":true,"href":"https:\/\/test.wptemalari.net\/wordpressemlaktemasi\/wp-json\/wp\/v2\/users\/1"}],"replies":[{"embeddable":true,"href":"https:\/\/test.wptemalari.net\/wordpressemlaktemasi\/wp-json\/wp\/v2\/comments?post=17"}],"version-history":[{"count":1,"href":"https:\/\/test.wptemalari.net\/wordpressemlaktemasi\/wp-json\/wp\/v2\/pages\/17\/revisions"}],"predecessor-version":[{"id":18,"href":"https:\/\/test.wptemalari.net\/wordpressemlaktemasi\/wp-json\/wp\/v2\/pages\/17\/revisions\/18"}],"wp:attachment":[{"href":"https:\/\/test.wptemalari.net\/wordpressemlaktemasi\/wp-json\/wp\/v2\/media?parent=17"}],"curies":[{"name":"wp","href":"https:\/\/api.w.org\/{rel}","templated":true}]}}